{"id":69,"date":"2013-09-24T14:53:28","date_gmt":"2013-09-24T14:53:28","guid":{"rendered":"http:\/\/berliner.grafikkalender.de\/?page_id=69"},"modified":"2025-09-22T12:50:12","modified_gmt":"2025-09-22T12:50:12","slug":"die-edition-2","status":"publish","type":"page","link":"https:\/\/berliner.grafikkalender.de\/","title":{"rendered":"Die Edition"},"content":{"rendered":"<p>[et_pb_section fb_built=&#8220;1&#8243; admin_label=&#8220;section&#8220; _builder_version=&#8220;4.16&#8243; global_colors_info=&#8220;{}&#8220;][et_pb_row column_structure=&#8220;1_3,1_3,1_3&#8243; _builder_version=&#8220;4.16&#8243; background_size=&#8220;initial&#8220; background_position=&#8220;top_left&#8220; background_repeat=&#8220;repeat&#8220; global_colors_info=&#8220;{}&#8220;][et_pb_column type=&#8220;1_3&#8243; _builder_version=&#8220;4.22.1&#8243; _module_preset=&#8220;default&#8220; global_colors_info=&#8220;{}&#8220;][\/et_pb_column][et_pb_column type=&#8220;1_3&#8243; _builder_version=&#8220;4.16&#8243; custom_padding=&#8220;|||&#8220; global_colors_info=&#8220;{}&#8220; custom_padding__hover=&#8220;|||&#8220;][et_pb_gallery gallery_ids=&#8220;962,963,964,965,966,967,968,969,970,971,972,973&#8243; fullwidth=&#8220;on&#8220; db_image_max_width_tablet=&#8220;51&#8243; db_image_max_height_tablet=&#8220;501&#8243; db_image_row_spacing_tablet=&#8220;51&#8243; db_image_center_titles=&#8220;left&#8220; dbdb_version=&#8220;3.9.6&#8243; _builder_version=&#8220;4.27.4&#8243; title_font=&#8220;Open Sans Light||||&#8220; title_text_color=&#8220;#f4f4f4&#8243; title_letter_spacing=&#8220;4px&#8220; auto=&#8220;on&#8220; auto_speed=&#8220;4000&#8243; hover_enabled=&#8220;0&#8243; border_width_all=&#8220;1px&#8220; border_color_all=&#8220;#ffffff&#8220; use_border_color=&#8220;on&#8220; border_color=&#8220;#ffffff&#8220; border_style=&#8220;solid&#8220; global_colors_info=&#8220;{}&#8220; sticky_enabled=&#8220;0&#8243;]&nbsp;<br \/>\n[\/et_pb_gallery][\/et_pb_column][et_pb_column type=&#8220;1_3&#8243; _builder_version=&#8220;4.16&#8243; custom_padding=&#8220;|||&#8220; global_colors_info=&#8220;{}&#8220; custom_padding__hover=&#8220;|||&#8220;][et_pb_text _builder_version=&#8220;4.27.4&#8243; text_font=&#8220;||||||||&#8220; header_5_font=&#8220;|600|||||||&#8220; background_size=&#8220;initial&#8220; background_position=&#8220;top_left&#8220; background_repeat=&#8220;repeat&#8220; hover_enabled=&#8220;0&#8243; use_border_color=&#8220;off&#8220; border_color=&#8220;#ffffff&#8220; border_style=&#8220;solid&#8220; global_colors_info=&#8220;{}&#8220; sticky_enabled=&#8220;0&#8243;]<\/p>\n<h3><strong>Berliner Grafikkalender Edition 2026<\/strong><\/h3>\n<h5>12 Originalgrafiken von 12 K\u00fcnstlern<\/h5>\n<p><strong>Die kleine Kunstsammlung in Form eines Kalenders<\/strong><\/p>\n<p>Alle Grafiken sind einfach abl\u00f6sbar und rahmbar<\/p>\n<p><strong>Javis Lauva Siebdruck<\/strong><br \/><strong>Anna Fiegen Siebdruck<\/strong><br \/><strong>Christian Rothmann Siebdruck<\/strong><br \/><strong>Paula Schmidt\u00a0 Siebdruck<\/strong><br \/><strong>J\u00fcrgen Kellig\u00a0Linoldruck<\/strong><br \/><strong>Jochen Stenschke PVC-Druck<\/strong><br \/><strong>Helmut Metzner Siebdruck<\/strong><br \/><strong>Wolfgang R\u00fcppel\u00a0\u00a0Siebdruck<\/strong><br \/><strong>Michael Bause Siebdruck<\/strong><br \/><strong>Helmut Gutbrod Holzschnitt<\/strong><br \/><strong>Ute Lindner Cyanographie<\/strong><br \/><strong>Toni Wirthm\u00fcller Siebdruck<\/strong><\/p>\n<p>Der <strong>Berliner Grafikkalender Edition 2026<\/strong>\u00a0ist in einer Auflage von 150 Exemplaren erschienen.<br \/>Das Ma\u00df des Kalenders ist 70 x 50 cm. Er wird in einer Pappbox ausgeliefert und von uns an jede Adresse im In- und Ausland verschickt.<br \/>Erh\u00e4ltlich ist der Kalender \u00fcber die beteiligten K\u00fcnstler<br \/>zu einem Preis von <strong>380 EUR<\/strong>.<\/p>\n<a href='https:\/\/berliner.grafikkalender.de\/?page_id=85' class='small-button smallorange'>Bestellen<\/a>\n<p>Erfolgt der Verkauf des Berliner Grafikkalenders \u00fcber \u00f6ffentliche Anbieter (Galerien etc.), kann der Preis abweichend kalkuliert sein.<\/p>\n<p>&nbsp;<\/p>\n<p>[\/et_pb_text][\/et_pb_column][\/et_pb_row][et_pb_row _builder_version=&#8220;4.22.1&#8243; _module_preset=&#8220;default&#8220; global_colors_info=&#8220;{}&#8220;][et_pb_column type=&#8220;4_4&#8243; _builder_version=&#8220;4.22.1&#8243; _module_preset=&#8220;default&#8220; global_colors_info=&#8220;{}&#8220;][et_pb_text _builder_version=&#8220;4.22.1&#8243; _module_preset=&#8220;default&#8220; global_colors_info=&#8220;{}&#8220;]<\/p>\n<p style=\"text-align: center;\"><strong>Die Originalgrafiken sind dem Grafikkalender leicht entnehmbar und k\u00f6nnen bei Bedarf gerahmt werden.<\/strong><\/p>\n<p style=\"text-align: center;\">Wir geben gern Tipps f\u00fcr die Rahmung und f\u00fcr die Rahmenbestellung.<\/p>\n<p style=\"text-align: center;\">Hier drei Ansichten einer H\u00e4ngung und des Pappschubers<\/p>\n<p>[\/et_pb_text][\/et_pb_column][\/et_pb_row][et_pb_row column_structure=&#8220;1_3,1_3,1_3&#8243; _builder_version=&#8220;4.16&#8243; background_size=&#8220;initial&#8220; background_position=&#8220;top_left&#8220; background_repeat=&#8220;repeat&#8220; global_colors_info=&#8220;{}&#8220;][et_pb_column type=&#8220;1_3&#8243; _builder_version=&#8220;4.16&#8243; custom_padding=&#8220;|||&#8220; global_colors_info=&#8220;{}&#8220; custom_padding__hover=&#8220;|||&#8220;][et_pb_image src=&#8220;https:\/\/berliner.grafikkalender.de\/wp-content\/uploads\/2022\/09\/IMAG1865.jpg&#8220; title_text=&#8220;IMAG1865&#8243; _builder_version=&#8220;4.18.0&#8243; _module_preset=&#8220;default&#8220; global_colors_info=&#8220;{}&#8220;][\/et_pb_image][\/et_pb_column][et_pb_column type=&#8220;1_3&#8243; _builder_version=&#8220;4.16&#8243; custom_padding=&#8220;|||&#8220; global_colors_info=&#8220;{}&#8220; custom_padding__hover=&#8220;|||&#8220;][et_pb_image src=&#8220;https:\/\/berliner.grafikkalender.de\/wp-content\/uploads\/2022\/09\/IMAG1866.jpg&#8220; title_text=&#8220;IMAG1866&#8243; _builder_version=&#8220;4.18.0&#8243; _module_preset=&#8220;default&#8220; global_colors_info=&#8220;{}&#8220;][\/et_pb_image][\/et_pb_column][et_pb_column type=&#8220;1_3&#8243; _builder_version=&#8220;4.16&#8243; custom_padding=&#8220;|||&#8220; global_colors_info=&#8220;{}&#8220; custom_padding__hover=&#8220;|||&#8220;][et_pb_image src=&#8220;https:\/\/berliner.grafikkalender.de\/wp-content\/uploads\/2022\/09\/IMAG1867.jpg&#8220; title_text=&#8220;IMAG1867&#8243; _builder_version=&#8220;4.18.0&#8243; _module_preset=&#8220;default&#8220; global_colors_info=&#8220;{}&#8220;][\/et_pb_image][\/et_pb_column][\/et_pb_row][et_pb_row admin_label=&#8220;row&#8220; _builder_version=&#8220;4.16&#8243; background_size=&#8220;initial&#8220; background_position=&#8220;top_left&#8220; background_repeat=&#8220;repeat&#8220; global_colors_info=&#8220;{}&#8220;][et_pb_column type=&#8220;4_4&#8243; _builder_version=&#8220;4.16&#8243; custom_padding=&#8220;|||&#8220; global_colors_info=&#8220;{}&#8220; custom_padding__hover=&#8220;|||&#8220;][\/et_pb_column][\/et_pb_row][\/et_pb_section]<\/p>\n","protected":false},"excerpt":{"rendered":"<p>&nbsp; Berliner Grafikkalender Edition 2026 12 Originalgrafiken von 12 K\u00fcnstlern Die kleine Kunstsammlung in Form eines Kalenders Alle Grafiken sind einfach abl\u00f6sbar und rahmbar Javis Lauva SiebdruckAnna Fiegen SiebdruckChristian Rothmann SiebdruckPaula Schmidt\u00a0 SiebdruckJ\u00fcrgen Kellig\u00a0LinoldruckJochen Stenschke PVC-DruckHelmut Metzner SiebdruckWolfgang R\u00fcppel\u00a0\u00a0SiebdruckMichael Bause SiebdruckHelmut Gutbrod HolzschnittUte Lindner CyanographieToni Wirthm\u00fcller Siebdruck Der Berliner Grafikkalender Edition 2026\u00a0ist in einer Auflage [&hellip;]<\/p>\n","protected":false},"author":1,"featured_media":0,"parent":0,"menu_order":0,"comment_status":"open","ping_status":"open","template":"","meta":{"_et_pb_use_builder":"on","_et_pb_old_content":"<p>[nggallery id=27 caption]<\/p><p>von links nach rechts:<br \/> <strong>Ute Lindner<\/strong> Cyanographie <strong>Wolfgang R\u00fcppel<\/strong> Siebdruck <strong>Jochen Stenschke<\/strong> PVC-Druck<br \/> <strong>Toni Wirthm\u00fcller<\/strong> Siebdruck <strong>Ka Bomhardt<\/strong> Lithographie <strong>Helmut Gutbrod<\/strong> Hochdruck<br \/> <strong>Michael Bause<\/strong> Siebdruck\/Handauftrag <strong>Javis Lauva<\/strong> Holzschnitt <strong>Helmut Metzner<\/strong> Siebdruck <strong>Christian Rothmann<\/strong> Siebdruck <strong>J\u00fcrgen Kellig<\/strong> Linolschnitt <strong>Paula Schmidt<\/strong> Siebdruck<\/p><p>Der <strong>Berliner Grafikkalender Edition 2017<\/strong> ist in einer Auflage von 150 Exemplaren erschienen.<br \/> Das Ma\u00df des Kalenders ist 70 x 50 cm. Er wird in einer Pappbox ausgeliefert und von uns an jede Adresse im In- und Ausland verschickt.<br \/> Erh\u00e4ltlich ist der Kalender \u00fcber die beteiligten K\u00fcnstler zu einem Preis von 350 EUR.<br \/> Erfolgt der Verkauf des Berliner Grafikkalenders \u00fcber \u00f6ffentliche Anbieter (Galerien etc.), kann der Preis abweichend kalkuliert sein.<\/p>","_et_gb_content_width":"","ngg_post_thumbnail":0,"footnotes":""},"class_list":["post-69","page","type-page","status-publish","hentry"],"jetpack_sharing_enabled":true,"jetpack_shortlink":"https:\/\/wp.me\/P7Z7IB-17","_links":{"self":[{"href":"https:\/\/berliner.grafikkalender.de\/index.php?rest_route=\/wp\/v2\/pages\/69","targetHints":{"allow":["GET"]}}],"collection":[{"href":"https:\/\/berliner.grafikkalender.de\/index.php?rest_route=\/wp\/v2\/pages"}],"about":[{"href":"https:\/\/berliner.grafikkalender.de\/index.php?rest_route=\/wp\/v2\/types\/page"}],"author":[{"embeddable":true,"href":"https:\/\/berliner.grafikkalender.de\/index.php?rest_route=\/wp\/v2\/users\/1"}],"replies":[{"embeddable":true,"href":"https:\/\/berliner.grafikkalender.de\/index.php?rest_route=%2Fwp%2Fv2%2Fcomments&post=69"}],"version-history":[{"count":72,"href":"https:\/\/berliner.grafikkalender.de\/index.php?rest_route=\/wp\/v2\/pages\/69\/revisions"}],"predecessor-version":[{"id":974,"href":"https:\/\/berliner.grafikkalender.de\/index.php?rest_route=\/wp\/v2\/pages\/69\/revisions\/974"}],"wp:attachment":[{"href":"https:\/\/berliner.grafikkalender.de\/index.php?rest_route=%2Fwp%2Fv2%2Fmedia&parent=69"}],"curies":[{"name":"wp","href":"https:\/\/api.w.org\/{rel}","templated":true}]}}