{"id":85,"date":"2013-09-24T17:26:46","date_gmt":"2013-09-24T17:26:46","guid":{"rendered":"http:\/\/berliner.grafikkalender.de\/?page_id=85"},"modified":"2025-09-22T14:36:18","modified_gmt":"2025-09-22T14:36:18","slug":"kontakt","status":"publish","type":"page","link":"https:\/\/berliner.grafikkalender.de\/?page_id=85","title":{"rendered":"Kontakt"},"content":{"rendered":"<p>[et_pb_section fb_built=&#8220;1&#8243; admin_label=&#8220;section&#8220; _builder_version=&#8220;4.16&#8243; global_colors_info=&#8220;{}&#8220;][et_pb_row admin_label=&#8220;row&#8220; _builder_version=&#8220;4.16&#8243; background_size=&#8220;initial&#8220; background_position=&#8220;top_left&#8220; background_repeat=&#8220;repeat&#8220; global_colors_info=&#8220;{}&#8220;][et_pb_column type=&#8220;4_4&#8243; _builder_version=&#8220;4.16&#8243; custom_padding=&#8220;|||&#8220; global_colors_info=&#8220;{}&#8220; custom_padding__hover=&#8220;|||&#8220;][et_pb_contact_form email=&#8220;info@grafikkalender.de&#8220; title=&#8220;Kontakt&#8220; module_id=&#8220;et_pb_contact_form_0&#8243; _builder_version=&#8220;4.16&#8243; _unique_id=&#8220;6c50243d-1acb-471f-b809-46624da5c737&#8243; use_border_color=&#8220;off&#8220; border_color=&#8220;#ffffff&#8220; border_style=&#8220;solid&#8220; global_colors_info=&#8220;{}&#8220;][et_pb_contact_field field_id=&#8220;Name&#8220; field_title=&#8220;Name&#8220; _builder_version=&#8220;4.16&#8243; global_colors_info=&#8220;{}&#8220; button_text_size__hover_enabled=&#8220;off&#8220; button_one_text_size__hover_enabled=&#8220;off&#8220; button_two_text_size__hover_enabled=&#8220;off&#8220; button_text_color__hover_enabled=&#8220;off&#8220; button_one_text_color__hover_enabled=&#8220;off&#8220; button_two_text_color__hover_enabled=&#8220;off&#8220; button_border_width__hover_enabled=&#8220;off&#8220; button_one_border_width__hover_enabled=&#8220;off&#8220; button_two_border_width__hover_enabled=&#8220;off&#8220; button_border_color__hover_enabled=&#8220;off&#8220; button_one_border_color__hover_enabled=&#8220;off&#8220; button_two_border_color__hover_enabled=&#8220;off&#8220; button_border_radius__hover_enabled=&#8220;off&#8220; button_one_border_radius__hover_enabled=&#8220;off&#8220; button_two_border_radius__hover_enabled=&#8220;off&#8220; button_letter_spacing__hover_enabled=&#8220;off&#8220; button_one_letter_spacing__hover_enabled=&#8220;off&#8220; button_two_letter_spacing__hover_enabled=&#8220;off&#8220; button_bg_color__hover_enabled=&#8220;off&#8220; button_one_bg_color__hover_enabled=&#8220;off&#8220; button_two_bg_color__hover_enabled=&#8220;off&#8220;][\/et_pb_contact_field][et_pb_contact_field field_id=&#8220;Email&#8220; field_title=&#8220;E-Mail-Adresse&#8220; field_type=&#8220;email&#8220; _builder_version=&#8220;4.16&#8243; global_colors_info=&#8220;{}&#8220; button_text_size__hover_enabled=&#8220;off&#8220; button_one_text_size__hover_enabled=&#8220;off&#8220; button_two_text_size__hover_enabled=&#8220;off&#8220; button_text_color__hover_enabled=&#8220;off&#8220; button_one_text_color__hover_enabled=&#8220;off&#8220; button_two_text_color__hover_enabled=&#8220;off&#8220; button_border_width__hover_enabled=&#8220;off&#8220; button_one_border_width__hover_enabled=&#8220;off&#8220; button_two_border_width__hover_enabled=&#8220;off&#8220; button_border_color__hover_enabled=&#8220;off&#8220; button_one_border_color__hover_enabled=&#8220;off&#8220; button_two_border_color__hover_enabled=&#8220;off&#8220; button_border_radius__hover_enabled=&#8220;off&#8220; button_one_border_radius__hover_enabled=&#8220;off&#8220; button_two_border_radius__hover_enabled=&#8220;off&#8220; button_letter_spacing__hover_enabled=&#8220;off&#8220; button_one_letter_spacing__hover_enabled=&#8220;off&#8220; button_two_letter_spacing__hover_enabled=&#8220;off&#8220; button_bg_color__hover_enabled=&#8220;off&#8220; button_one_bg_color__hover_enabled=&#8220;off&#8220; button_two_bg_color__hover_enabled=&#8220;off&#8220;][\/et_pb_contact_field][et_pb_contact_field field_id=&#8220;Message&#8220; field_title=&#8220;Nachricht&#8220; field_type=&#8220;text&#8220; fullwidth_field=&#8220;on&#8220; _builder_version=&#8220;4.16&#8243; global_colors_info=&#8220;{}&#8220; button_text_size__hover_enabled=&#8220;off&#8220; button_one_text_size__hover_enabled=&#8220;off&#8220; button_two_text_size__hover_enabled=&#8220;off&#8220; button_text_color__hover_enabled=&#8220;off&#8220; button_one_text_color__hover_enabled=&#8220;off&#8220; button_two_text_color__hover_enabled=&#8220;off&#8220; button_border_width__hover_enabled=&#8220;off&#8220; button_one_border_width__hover_enabled=&#8220;off&#8220; button_two_border_width__hover_enabled=&#8220;off&#8220; button_border_color__hover_enabled=&#8220;off&#8220; button_one_border_color__hover_enabled=&#8220;off&#8220; button_two_border_color__hover_enabled=&#8220;off&#8220; button_border_radius__hover_enabled=&#8220;off&#8220; button_one_border_radius__hover_enabled=&#8220;off&#8220; button_two_border_radius__hover_enabled=&#8220;off&#8220; button_letter_spacing__hover_enabled=&#8220;off&#8220; button_one_letter_spacing__hover_enabled=&#8220;off&#8220; button_two_letter_spacing__hover_enabled=&#8220;off&#8220; button_bg_color__hover_enabled=&#8220;off&#8220; button_one_bg_color__hover_enabled=&#8220;off&#8220; button_two_bg_color__hover_enabled=&#8220;off&#8220;][\/et_pb_contact_field][\/et_pb_contact_form][et_pb_text _builder_version=&#8220;4.16&#8243; background_size=&#8220;initial&#8220; background_position=&#8220;top_left&#8220; background_repeat=&#8220;repeat&#8220; use_border_color=&#8220;off&#8220; border_color=&#8220;#ffffff&#8220; border_style=&#8220;solid&#8220; global_colors_info=&#8220;{}&#8220;]<strong>Der Berliner Grafikkalender ist auch erh\u00e4ltlich \u00fcber die einzelnen K\u00fcnstler<\/strong><\/p>\n<p>In der linken Spalte finden Sie alle email-Kontakte und in der rechten Spalte k\u00f6nnen Sie die Websites aller K\u00fcnstler finden.<br \/>\n[\/et_pb_text][\/et_pb_column][\/et_pb_row][et_pb_row _builder_version=&#8220;4.16&#8243; background_size=&#8220;initial&#8220; background_position=&#8220;top_left&#8220; background_repeat=&#8220;repeat&#8220; global_colors_info=&#8220;{}&#8220; column_structure=&#8220;1_3,1_3,1_3&#8243;][et_pb_column type=&#8220;1_3&#8243; _builder_version=&#8220;4.16&#8243; custom_padding=&#8220;|||&#8220; global_colors_info=&#8220;{}&#8220; custom_padding__hover=&#8220;|||&#8220;][et_pb_text _builder_version=&#8220;4.27.4&#8243; background_size=&#8220;initial&#8220; background_position=&#8220;top_left&#8220; background_repeat=&#8220;repeat&#8220; hover_enabled=&#8220;0&#8243; use_border_color=&#8220;off&#8220; border_color=&#8220;#ffffff&#8220; border_style=&#8220;solid&#8220; global_colors_info=&#8220;{}&#8220; sticky_enabled=&#8220;0&#8243;]<\/p>\n<p><a href=\"mailto:ps@paula-schmidt.de\">ps@paula-schmidt.de<\/a><br \/><a href=\"mailto:mail@annafiegen.de\">mail@annafiegen.de<\/a><br \/><a href=\"mailto:info@ute-lindner.de\">info@patrickhuber.de<\/a><br \/><a href=\"mailto:mail@lauva.de\">mail@lauva.de<\/a><br \/><a href=\"mailto:art@rothmann.info\">art@rothmann.info<\/a><br \/><a href=\"mailto:h.metzner@online.de\">h.metzner@online.de<\/a><br \/><a href=\"mailto:helmutgutbrod@googlemail.com\">helmutgutbrod@googlemail.com<\/a><br \/><a href=\"mailto:michaelbause@t-online.de\">michaelbause@t-online.de<\/a><br \/><a href=\"mailto:toni.wirthmueller@web.de\">toni.wirthmueller@web.de<\/a><br \/><a href=\"mailto:mail@juergen-kellig.de\">mail@juergen-kellig.de<\/a><br \/><a href=\"mailto:info@jochenstenschke.de\">info@jochenstenschke.de<\/a><br \/><a href=\"mailto:rueppel-wolfgang@gmx.de\">rueppel-wolfgang@gmx.de<\/a><\/p>\n<p>&nbsp;<\/p>\n<p>&nbsp;<\/p>\n<p>&nbsp;<\/p>\n<p>&nbsp;<\/p>\n<p>[\/et_pb_text][\/et_pb_column][et_pb_column type=&#8220;1_3&#8243; _builder_version=&#8220;4.16&#8243; custom_padding=&#8220;|||&#8220; global_colors_info=&#8220;{}&#8220; custom_padding__hover=&#8220;|||&#8220;][et_pb_text _builder_version=&#8220;4.27.4&#8243; background_size=&#8220;initial&#8220; background_position=&#8220;top_left&#8220; background_repeat=&#8220;repeat&#8220; hover_enabled=&#8220;0&#8243; use_border_color=&#8220;off&#8220; border_color=&#8220;#ffffff&#8220; border_style=&#8220;solid&#8220; global_colors_info=&#8220;{}&#8220; sticky_enabled=&#8220;0&#8243;]<\/p>\n<p><a href=\"http:\/\/www.paula-schmidt.de\/\" target=\"_blank\" rel=\"noopener\">Paula Schmidt<\/a><br \/><a href=\"http:\/\/www.annafiegen.de\">Anna Fiegen<\/a><br \/><a href=\"http:\/\/www.ute-lindner.de\">Patrick Huber<\/a><br \/><a href=\"http:\/\/www.lauva.de\/\" target=\"_blank\" rel=\"noopener\">Javis Lauva<\/a><br \/><a href=\"http:\/\/www.rothmann.info\/\" target=\"_blank\" rel=\"noopener\">Christian Rothmann<\/a><br \/><a href=\"http:\/\/www.helmut-metzner.de\/\" target=\"_blank\" rel=\"noopener\">Helmut Metzner<\/a><br \/><a href=\"http:\/\/www.gerichtshoefe.de\/helmut-gutbrod.html\" target=\"_blank\" rel=\"noopener\">Helmut Gutbrod <\/a><br \/><a href=\" http:\/\/www.oqbo.de\/bild\/michael_bause_2013.php\" target=\"_blank\" rel=\"noopener\">Michael Bause<\/a><br \/><a href=\"http:\/\/www.toni-wirthmueller.de\/www.drift-1.tumblr.com\" target=\"_blank\" rel=\"noopener\">Toni Wirthm\u00fcller<\/a><br \/><a href=\"http:\/\/www.juergen-kellig.de\">J\u00fcrgen Kellig<\/a><br \/><a href=\" http:\/\/www.jochenstenschke.de\/\" target=\"_blank\" rel=\"noopener\">Jochen Stenschke<\/a><br \/><a href=\" http:\/\/www.wolfgang-rueppel.de\/\" target=\"_blank\" rel=\"noopener\">Wolfgang R\u00fcppel<\/a><\/p>\n<p>&nbsp;<\/p>\n<p>&nbsp;<\/p>\n<p>[\/et_pb_text][\/et_pb_column][et_pb_column type=&#8220;1_3&#8243; _builder_version=&#8220;4.16&#8243; custom_padding=&#8220;|||&#8220; global_colors_info=&#8220;{}&#8220; custom_padding__hover=&#8220;|||&#8220;][\/et_pb_column][\/et_pb_row][et_pb_row _builder_version=&#8220;4.16&#8243; background_size=&#8220;initial&#8220; background_position=&#8220;top_left&#8220; background_repeat=&#8220;repeat&#8220; global_colors_info=&#8220;{}&#8220; column_structure=&#8220;1_4,1_4,1_4,1_4&#8243;][et_pb_column type=&#8220;1_4&#8243; _builder_version=&#8220;4.16&#8243; custom_padding=&#8220;|||&#8220; global_colors_info=&#8220;{}&#8220; custom_padding__hover=&#8220;|||&#8220;][\/et_pb_column][et_pb_column type=&#8220;1_4&#8243; _builder_version=&#8220;4.16&#8243; custom_padding=&#8220;|||&#8220; global_colors_info=&#8220;{}&#8220; custom_padding__hover=&#8220;|||&#8220;][\/et_pb_column][et_pb_column type=&#8220;1_4&#8243; _builder_version=&#8220;4.16&#8243; custom_padding=&#8220;|||&#8220; global_colors_info=&#8220;{}&#8220; custom_padding__hover=&#8220;|||&#8220;][\/et_pb_column][et_pb_column type=&#8220;1_4&#8243; _builder_version=&#8220;4.16&#8243; custom_padding=&#8220;|||&#8220; global_colors_info=&#8220;{}&#8220; custom_padding__hover=&#8220;|||&#8220;][\/et_pb_column][\/et_pb_row][\/et_pb_section]<\/p>\n","protected":false},"excerpt":{"rendered":"<p>Der Berliner Grafikkalender ist auch erh\u00e4ltlich \u00fcber die einzelnen K\u00fcnstler In der linken Spalte finden Sie alle email-Kontakte und in der rechten Spalte k\u00f6nnen Sie die Websites aller K\u00fcnstler finden. ps@paula-schmidt.demail@annafiegen.deinfo@patrickhuber.demail@lauva.deart@rothmann.infoh.metzner@online.dehelmutgutbrod@googlemail.commichaelbause@t-online.detoni.wirthmueller@web.demail@juergen-kellig.deinfo@jochenstenschke.derueppel-wolfgang@gmx.de &nbsp; &nbsp; &nbsp; &nbsp;Paula SchmidtAnna FiegenPatrick HuberJavis LauvaChristian RothmannHelmut MetznerHelmut Gutbrod Michael BauseToni Wirthm\u00fcllerJ\u00fcrgen KelligJochen StenschkeWolfgang R\u00fcppel &nbsp; &nbsp;<\/p>\n","protected":false},"author":1,"featured_media":0,"parent":0,"menu_order":0,"comment_status":"open","ping_status":"open","template":"","meta":{"_et_pb_use_builder":"on","_et_pb_old_content":"<p>Der Berliner Grafikkalender ist erh\u00e4ltlich \u00fcber die einzelnen K\u00fcnstler<\/p><p>links:<br \/> <a href=\"http:\/\/www.paula-schmidt.de\/\" target=\"_blank\">Paula Schmidt<\/a><br \/> Ka Bomhardt<br \/> Ute Lindner<br \/> <a href=\"http:\/\/www.lauva.de\/\" target=\"_blank\">Javis Lauva<\/a><br \/> <a href=\"http:\/\/www.rothmann.info\/\" target=\"_blank\">Christian Rothmann<\/a><br \/> <a href=\"http:\/\/www.helmut-metzner.de\/\" target=\"_blank\">Helmut Metzner<\/a><br \/> <a href=\"http:\/\/www.kunstausberlin.com\/helmut-gutbrod.html\" target=\"_blank\">Helmut Gutbrod <\/a><br \/> <a href=\" http:\/\/www.oqbo.de\/bild\/michael_bause_2013.php\" target=\"_blank\">Michael Bause<\/a><br \/> <a href=\" http:\/\/www.galeriemariannegrob.de\/57-0-toni-wirthmueller.html\" target=\"_blank\">Toni Wirthm\u00fcller<\/a><br \/> J\u00fcrgen Kellig<br \/> <a href=\" http:\/\/www.jochenstenschke.de\/\" target=\"_blank\">Jochen Stenschke<\/a><br \/> <a href=\" http:\/\/www.wolfgang-rueppel.de\/\" target=\"_blank\">Wolfgang R\u00fcppel<\/a><\/p><p>und zus\u00e4tzlich \u00fcber die Druckwerkstatt des BBK:<\/p><p><a href=\"http:\/\/berliner.grafikkalender.de\/wp-content\/uploads\/2013\/09\/radierung.jpg\"><img class=\"alignnone size-full wp-image-86\" src=\"http:\/\/berliner.grafikkalender.de\/wp-content\/uploads\/2013\/09\/radierung.jpg\" alt=\"radierung\" width=\"400\" height=\"267\" \/><\/a><\/p><p>Druckwerkstatt im Kulturwerk des bbk berlin GmbH<br \/> Mariannenplatz 2<br \/> 10997 Berlin<br \/> Mathias Mrowka (Leitung)<br \/> Doris Heidelmeyer (B\u00fcro)<br \/> tel 030 614015-70<br \/> fax 030 614015-74<br \/> <strong>druckwerkstatt@bbk-kulturwerk.de<\/strong><\/p>","_et_gb_content_width":"","ngg_post_thumbnail":0,"jetpack_post_was_ever_published":false,"footnotes":""},"class_list":["post-85","page","type-page","status-publish","hentry"],"jetpack_sharing_enabled":true,"jetpack_shortlink":"https:\/\/wp.me\/P7Z7IB-1n","_links":{"self":[{"href":"https:\/\/berliner.grafikkalender.de\/index.php?rest_route=\/wp\/v2\/pages\/85","targetHints":{"allow":["GET"]}}],"collection":[{"href":"https:\/\/berliner.grafikkalender.de\/index.php?rest_route=\/wp\/v2\/pages"}],"about":[{"href":"https:\/\/berliner.grafikkalender.de\/index.php?rest_route=\/wp\/v2\/types\/page"}],"author":[{"embeddable":true,"href":"https:\/\/berliner.grafikkalender.de\/index.php?rest_route=\/wp\/v2\/users\/1"}],"replies":[{"embeddable":true,"href":"https:\/\/berliner.grafikkalender.de\/index.php?rest_route=%2Fwp%2Fv2%2Fcomments&post=85"}],"version-history":[{"count":32,"href":"https:\/\/berliner.grafikkalender.de\/index.php?rest_route=\/wp\/v2\/pages\/85\/revisions"}],"predecessor-version":[{"id":1010,"href":"https:\/\/berliner.grafikkalender.de\/index.php?rest_route=\/wp\/v2\/pages\/85\/revisions\/1010"}],"wp:attachment":[{"href":"https:\/\/berliner.grafikkalender.de\/index.php?rest_route=%2Fwp%2Fv2%2Fmedia&parent=85"}],"curies":[{"name":"wp","href":"https:\/\/api.w.org\/{rel}","templated":true}]}}